{"id":850,"date":"2022-10-18T15:29:53","date_gmt":"2022-10-18T13:29:53","guid":{"rendered":"https:\/\/fishandships.dsm.museum\/?page_id=850"},"modified":"2022-10-24T13:14:33","modified_gmt":"2022-10-24T11:14:33","slug":"erklarung-zur-barrierefreiheit","status":"publish","type":"page","link":"https:\/\/fishandships.dsm.museum\/?page_id=850","title":{"rendered":"Erkl\u00e4rung zur Barrierefreiheit"},"content":{"rendered":"\n<p>Wir bem\u00fchen uns, diese Webseite barrierefrei zu machen. Die Erkl\u00e4rung zur Barrierefreiheit wird im Bremischen Behindertengleichstellungsgesetz verlangt. Die technischen Anforderungen zur Barrierefreiheit ergeben sich aus der BITV 2.0.<\/p>\n\n\n\n<p>Diese Erkl\u00e4rung zur digitalen Barrierefreiheit gilt f\u00fcr den unter <a href=\"https:\/\/fishandships.dsm.museum\">https:\/\/fishandships.dsm.museum<\/a> erreichbaren Webseite des Deutschen Schifffahrtsmuseum.<\/p>\n\n\n\n<h2 class=\"wp-block-heading\">Wie barrierefrei ist das Angebot?<\/h2>\n\n\n\n<p>Dieses Angebot ist nur teilweise barrierefrei. Es werden nur teilweise die Anforderungen der BITV 2.0 erf\u00fcllt.<\/p>\n\n\n\n<p>Die \u00dcberpr\u00fcfung der Einhaltung der Anforderungen beruht auf einer am 18.10.2022 durchgef\u00fchrten Selbstbewertung.<\/p>\n\n\n\n<h2 class=\"wp-block-heading\">Welche Bereiche sind nicht barrierefrei?<\/h2>\n\n\n\n<h3 class=\"wp-block-heading\">Titel-\u00dcberschriften<\/h3>\n\n\n\n<ul class=\"wp-block-list\"><li>Beschreibung: Geringer Kontrast der Seiten-\u00dcberschrift gegen\u00fcber dem Hintergrundbild<\/li><li>Ma\u00dfnahmen: Text mit Hintergrund-Farbe versehen oder ohne Titel-Bild im Hintergrund. Dies ben\u00f6tigt eine Anpassung des Designs-Richtlinie des DSM.<\/li><li>Barrierefreie Alternative: Wenn die Maus \u00fcber die \u00dcberschrift bewegt wird, wird der Hintergrund eingef\u00e4rbt: Dadurch wird ein hoher Kontrast erzeugt<\/li><\/ul>\n\n\n\n<h3 class=\"wp-block-heading\">Bilder ohne Alternativ-Text<\/h3>\n\n\n\n<ul class=\"wp-block-list\"><li>Beschreibung: Einige Bilder haben keinen direkt zugeordneten oder Alternativ-Text<\/li><li>Ma\u00dfnahmen: Beschreibungs-Text direkt den Bildern zuordnen. Es ist noch nicht entschieden, ob dies umgesetzt wird, da das Forschungsprojekt zu dieser Webseite bereits abgeschlossen ist.<\/li><li>Barrierefreie Alternative: In den meisten F\u00e4llen folgt den Bildern eine getrennte Bildbeschreibung direkt nach dem Bild. Bei anderen Bildern werden diese im beiliegenden Flie\u00dftext beschrieben.<\/li><\/ul>\n\n\n\n<h2 class=\"wp-block-heading\">Unverh\u00e4ltnism\u00e4\u00dfige Belastung<\/h2>\n\n\n\n<p>Teilbereiche, die nicht barrierefrei gestaltet sind, da es eine unverh\u00e4ltnism\u00e4\u00dfige Belastung w\u00e4re (BremBGG \u00a7 13 (5)):<\/p>\n\n\n\n<h3 class=\"wp-block-heading\">Texte in leichter Sprache<\/h3>\n\n\n\n<ul class=\"wp-block-list\"><li>Beschreibung: Inhalte nicht in leichter Sprache vorhanden<\/li><li>Ausf\u00fchrung, warum unverh\u00e4ltnism\u00e4\u00dfige Belastung vorliegt: Bei dieser Seite handelt es sich um wissenschaftliche Texte. Diese k\u00f6nnen nur schwer in leichter Sprache umgesetzt werden. Das DSM verf\u00fcgt aktuell \u00fcber kein Personal, dass diese Leistung durchf\u00fchren kann. Ob eine Behebung stattfindet ist noch nicht entschieden.<\/li><li>Barrierefreie Alternative: Keine<\/li><\/ul>\n\n\n\n<h3 class=\"wp-block-heading\">Keine nachgewiesen barrierefreie PDFs<\/h3>\n\n\n\n<ul class=\"wp-block-list\"><li>Beschreibung: Auf der Webseite eingebundene PDF-Dateien wurden nicht auf Barrierefreiheit gepr\u00fcft<\/li><li>Ausf\u00fchrung, warum unverh\u00e4ltnism\u00e4\u00dfige Belastung vorliegt: PDF-Dateien k\u00f6nnen nur unter hohem Aufwand nachtr\u00e4glich barrierefrei gemacht werden.<\/li><li>Barrierefreie Alternative: Die meisten PDF-Dateien sind bereits barrierearm.<\/li><\/ul>\n\n\n\n<h2 class=\"wp-block-heading\">Wann wurde die Erkl\u00e4rung zur Barrierefreiheit erstellt?<\/h2>\n\n\n\n<p>Diese Erkl\u00e4rung wurde am <strong>18.10.2022 <\/strong>erstellt bzw. \u00fcberarbeitet.<\/p>\n\n\n\n<h2 class=\"wp-block-heading\">M\u00f6chten Sie Barrieren melden? (Feedback-M\u00f6glichkeit)<\/h2>\n\n\n\n<p>Wir m\u00f6chten unser Angebot gerne weiter verbessern. Teilen Sie uns Ihre Probleme und Fragen zur digitalen Barrierefreiheit gerne mit:<\/p>\n\n\n\n<p><a href=\"mailto:barrierefreiheit@dsm.museum\" data-type=\"mailto\" data-id=\"mailto:barrierefreiheit@dsm.museum\">barrierefreiheit@dsm.museum<\/a><\/p>\n\n\n\n<h2 class=\"wp-block-heading\">Kontakt zur Zentralstelle f\u00fcr barrierefreie Informationstechnik<\/h2>\n\n\n\n<p>Falls Ihre Kontaktaufnahme mit der \u00f6ffentlichen Stelle nicht erfolgreich war, k\u00f6nnen Sie sich an die <a rel=\"noreferrer noopener\" href=\"https:\/\/www.behindertenbeauftragter.bremen.de\/der_beauftragte\/zentralstelle_fuer_barrierefreie_informationstechnik\/beschwerdeformular_zentralstelle-28047\" target=\"_blank\">Zentralstelle f\u00fcr barrierefreie Informationstechnik<\/a> wenden. Diese bietet auch weitere <a rel=\"noreferrer noopener\" href=\"https:\/\/www.behindertenbeauftragter.bremen.de\/der_beauftragte\/zentralstelle_fuer_barrierefreie_informationstechnik-28011\" target=\"_blank\">Informationen zur Durchsetzung<\/a>.<\/p>\n","protected":false},"excerpt":{"rendered":"<p>Wir bem\u00fchen uns, diese Webseite barrierefrei zu machen. Die Erkl\u00e4rung zur Barrierefreiheit wird im Bremischen Behindertengleichstellungsgesetz verlangt. Die technischen Anforderungen zur Barrierefreiheit ergeben sich aus der BITV 2.0. Diese Erkl\u00e4rung zur digitalen Barrierefreiheit gilt f\u00fcr den unter https:\/\/fishandships.dsm.museum erreichbaren Webseite des Deutschen Schifffahrtsmuseum. Wie barrierefrei ist das Angebot? Dieses Angebot ist nur teilweise barrierefrei. Es [&hellip;]<\/p>\n","protected":false},"author":1,"featured_media":0,"parent":0,"menu_order":0,"comment_status":"closed","ping_status":"closed","template":"","meta":{"footnotes":""},"class_list":["post-850","page","type-page","status-publish","hentry"],"_links":{"self":[{"href":"https:\/\/fishandships.dsm.museum\/index.php?rest_route=\/wp\/v2\/pages\/850","targetHints":{"allow":["GET"]}}],"collection":[{"href":"https:\/\/fishandships.dsm.museum\/index.php?rest_route=\/wp\/v2\/pages"}],"about":[{"href":"https:\/\/fishandships.dsm.museum\/index.php?rest_route=\/wp\/v2\/types\/page"}],"author":[{"embeddable":true,"href":"https:\/\/fishandships.dsm.museum\/index.php?rest_route=\/wp\/v2\/users\/1"}],"replies":[{"embeddable":true,"href":"https:\/\/fishandships.dsm.museum\/index.php?rest_route=%2Fwp%2Fv2%2Fcomments&post=850"}],"version-history":[{"count":5,"href":"https:\/\/fishandships.dsm.museum\/index.php?rest_route=\/wp\/v2\/pages\/850\/revisions"}],"predecessor-version":[{"id":855,"href":"https:\/\/fishandships.dsm.museum\/index.php?rest_route=\/wp\/v2\/pages\/850\/revisions\/855"}],"wp:attachment":[{"href":"https:\/\/fishandships.dsm.museum\/index.php?rest_route=%2Fwp%2Fv2%2Fmedia&parent=850"}],"curies":[{"name":"wp","href":"https:\/\/api.w.org\/{rel}","templated":true}]}}