{"id":821,"date":"2021-02-12T17:21:30","date_gmt":"2021-02-12T16:21:30","guid":{"rendered":"https:\/\/fishandships.dsm.museum\/?page_id=821"},"modified":"2023-03-07T17:54:10","modified_gmt":"2023-03-07T16:54:10","slug":"publications","status":"publish","type":"page","link":"https:\/\/fishandships.dsm.museum\/?page_id=821","title":{"rendered":"Publications"},"content":{"rendered":"\n<p>The following data, websites, books and articles have been published by the teams of the <em>Between the North Sea and the Norwegian Sea <\/em>and <em>LIFTE<\/em>.<\/p>\n\n\n\n<p><strong>2022<\/strong><\/p>\n\n\n\n<p>Holterman, Bart. &#8216;Kredit im deutschen Handel mit den Shetlandinseln im Sp\u00e4tmittelalter und in der Fr\u00fchen Neuzeit&#8217;. <em>Das Mittelalter <\/em>27:2 (2022), 347-369. <a href=\"https:\/\/doi.org\/10.17885\/heiup.mial.2022.2.24662\" target=\"_blank\" rel=\"noreferrer noopener\">https:\/\/doi.org\/10.17885\/heiup.mial.2022.2.24662<\/a><\/p>\n\n\n\n<p>Holterman, Bart. &#8216;Norddeutsche Kaufleute in Island im 15. und 16. Jahrhundert&#8217;. <em>Island<\/em> 28:1 (2022), 5-12.<\/p>\n\n\n\n<h4 class=\"wp-block-heading\">2021<\/h4>\n\n\n\n<p>Grassel, Philipp, Holterman, Bart and Mehler, Natascha. &#8216;Das Forschungsprojekt LIFTE. \u00dcber die Auswirkungen internationaler Kommerzialisierung auf periphere Gesellschaften im Nordwesten Europas (1468\u20131712)&#8217;. <em>Deutsche Schifffahrt<\/em> 1\/2021, 23-25.<\/p>\n\n\n\n<p>Holterman, Bart. \u2018Vitnisbur\u00f0ur fr\u00e1 1602 sem eins\u00f6guleg heimild um al\u00fej\u00f3\u00f0lega verslun \u00e1 \u00cdslandi vi\u00f0 upphaf d\u00f6nsku einokunarverslunarinnar\u2019 [A Witness Account from 1602 as microhistorical Evidence for international Trade in Iceland at the Start of the Danish Monopoly]. <em>Saga <\/em>LIX:1 (2021), 51-82.<\/p>\n\n\n\n<p>Madrigal Sequeira, Noelia. <em>Arch\u00e4ologische Auswertung der Funde aus dem sp\u00e4tmittelalterlichen Schiffswrack Dar\u00df 40<\/em>, Masterarbeit Universit\u00e4t M\u00fcnster. M\u00fcnster, 2021.<\/p>\n\n\n\n<p>Madrigal Sequeira, Noelia. &#8216;The Darss wreck&#8217;. in: Arnberg, A., Johansen, O. and Wid\u00e9n, P. (eds.), <em>Under the Surface. Stories from Vrak &#8211; Museum of Wrecks<\/em>, 144-149. Stockholm, 2021.<\/p>\n\n\n\n<p>Mehler, Natascha. &#8216;Kurz vor Kolumbus&#8217;. <em>Die Zeit Geschichte<\/em> 3\/2021, 84-85.<\/p>\n\n\n\n<h4 class=\"wp-block-heading\">2020<\/h4>\n\n\n\n<p>Holm, Poul, Nicholls, John H. and Dirks, Florian. <em>Norfish Dataset: German Herring Fishery 1520\u2013 1790<\/em> (2020). <a href=\"https:\/\/figshare.com\/articles\/dataset\/Norfish_German_Herring_Fishery_1520_1790\/14258369?file=26922524\">https:\/\/figshare.com\/articles\/dataset\/Norfish_German_Herring_Fishery_1520_1790\/14258369?file=26922524<\/a><\/p>\n\n\n\n<p>Holterman, Bart, and Philipp Grassel. \u2018Victuals for Fish! The Hanseatic Trade from Bremen and Hamburg to Shetland\u2019. <em>The New Shetlander<\/em>, Yule 2020, 8\u201315.<\/p>\n\n\n\n<p>Holterman, Bart. <em>The Fish Lands. German Trade with Iceland, Shetland and the Faroe Islands in the Late 15th and 16th Century<\/em>. Berlin: DeGruyter, 2020. <a href=\"https:\/\/doi.org\/10.1515\/9783110655575\">https:\/\/doi.org\/10.1515\/9783110655575<\/a><\/p>\n\n\n\n<h4 class=\"wp-block-heading\">2019<\/h4>\n\n\n\n<p>Mehler, Natascha, Mark Gardiner, and Endre Elvestad (eds.), <em>German Trade in the North Atlantic, c. 1400-1700. Interdisciplinary Perspectives<\/em>. AmS-Skrifter 27. Stavanger, 2019. <a href=\"https:\/\/journals.uis.no\/index.php\/AmS-Skrifter\">https:\/\/journals.uis.no\/index.php\/AmS-Skrifter<\/a>. Including:<\/p>\n\n\n\n<ul class=\"wp-block-list\">\n<li>Belasus, Mike. &#8216;The ships that headed north \u2013 an archaeological perspective&#8217;, 175-186. <a href=\"https:\/\/journals.uis.no\/index.php\/AmS-Skrifter\/article\/view\/272\/226\">https:\/\/journals.uis.no\/index.php\/AmS-Skrifter\/article\/view\/272\/226<\/a><\/li>\n\n\n\n<li>Gardiner, Mark and Mehler, Natascha. &#8216;Introduction: German Trade in the North Atlantic&#8217;, 9-24. <a href=\"https:\/\/journals.uis.no\/index.php\/AmS-Skrifter\/article\/view\/282\/235\">https:\/\/journals.uis.no\/index.php\/AmS-Skrifter\/article\/view\/282\/235<\/a><\/li>\n\n\n\n<li>K\u00fcchelmann, Hans Christian. \u2018Hanseatic Fish Trade in the North Atlantic: The Evidence of Fish Remains from Hanse Cities in Germany\u2019, 75\u201392. <a href=\"https:\/\/journals.uis.no\/index.php\/AmS-Skrifter\/article\/view\/257\/214\">https:\/\/journals.uis.no\/index.php\/AmS-Skrifter\/article\/view\/257\/214<\/a><\/li>\n\n\n\n<li>Mehler, Natascha, Gu\u00f0mundur \u00d3lafsson, Bart Holterman, Joris Coolen, Ragnar Edvardsson, and Torbj\u00f6rn Brorsson. \u2018Gautav\u00edk \u2013 a Trading Site in Iceland Re-Examined\u2019, 227\u201343. <a href=\"https:\/\/journals.uis.no\/index.php\/AmS-Skrifter\/article\/view\/278\/232\">https:\/\/journals.uis.no\/index.php\/AmS-Skrifter\/article\/view\/278\/232<\/a><\/li>\n<\/ul>\n\n\n\n<p>Mehler, Natascha. &#8216;Island und Gr\u00f6nland zur Zeit des Adam von Bremen \u2013 eine arch\u00e4ologische Spurensuche&#8217;. <em>Denkmalpflege in Bremen<\/em> 16 (2019), 68-82.<\/p>\n\n\n\n<h4 class=\"wp-block-heading\">2018<\/h4>\n\n\n\n<p>Belasus, Mike. &#8216;Those Bits and Pieces from the Baltic Shores: evidence for medieval shipping along the German Baltic Sea coast from the 12th to the 15th century&#8217;. in: Litwin, Jerzey &amp; Ossowski, Waldemar (eds.): <em>The Baltic and beyond. Proceedings of the 14th international Symposium on Boat and Ship Archaeology<\/em>. Gda\u0144sk 2015, 33-38. Gda\u0144sk, 2018.<\/p>\n\n\n\n<p>Bischop, Dieter &amp; K\u00fcchelmann, Hans Christian. &#8216;Von der K\u00fcche in den Graben \u2013 Bremens Stadtgraben und die Essgewohnheiten seiner Anwohner an der Wende zur Fr\u00fchen Neuzeit&#8217;. in: Melzer, Walter (ed.). <em>Lebensmittel im Mittelalter und in der fr\u00fchen Neuzeit. Erzeugung, Verarbeitung, Versorgung. Beitr\u00e4ge des 16. Kolloquiums des Arbeitskreises zur arch\u00e4ologischen Erforschung des mittelalterlichen Handwerks<\/em>, Soester Beitr\u00e4ge zur Arch\u00e4ologie 15, 137-151. Soest, 2018. <a href=\"https:\/\/www.knochenarbeit.de\/wp\/wp-content\/uploads\/Bischop_Kuechelmann-2018-Stadtgraben.pdf\">https:\/\/www.knochenarbeit.de\/wp\/wp-content\/uploads\/Bischop_Kuechelmann-2018-Stadtgraben.pdf<\/a><\/p>\n\n\n\n<p>Holterman, Bart &amp; Nicholls, John H. <em>Hansdoc Database<\/em>. Bremerhaven, 2018. <a rel=\"noreferrer noopener\" class=\"\" href=\"https:\/\/hansdoc.dsm.museum\" target=\"_blank\">https:\/\/hansdoc.dsm.museum<\/a><\/p>\n\n\n\n<p>Mehler, Natascha, Kristj\u00e1nsd\u00f3ttir, Steinunn &amp; Kluttig-Altmann, Ralf. &#8216;The sound of silence \u2013 a ceramic horn and its role in monasticism in late medieval Iceland&#8217;. <em>Early Music<\/em> 46:4 (2018), 551-560.<\/p>\n\n\n\n<p>Mehler, Natascha, Hans Christian K\u00fcchelmann &amp; Bart Holterman. \u2018The Export of Gyrfalcons from Iceland during the 16th Century: A Boundless Business in a Proto-Globalized World\u2019. In <em>Raptor and Human \u2013 Falconry and Bird Symbolism throughout the Millennia on a Global Scale<\/em>, edited by O. Grimm and U. Schm\u00f6lke, 3:995\u20131020. Neum\u00fcnster, 2018. <a href=\"https:\/\/www.knochenarbeit.de\/wp\/wp-content\/uploads\/Mehler_etal_2018_gyrfalcons.pdf\">https:\/\/www.knochenarbeit.de\/wp\/wp-content\/uploads\/Mehler_etal_2018_gyrfalcons.pdf<\/a><\/p>\n\n\n\n<h4 class=\"wp-block-heading\">2017<\/h4>\n\n\n\n<p>Arge, S\u00edmun V. &amp; Mehler, Natascha. &#8216;Biskupssetri\u00f0 \u00ed Kirjub\u00f8 og si\u00f0askifti\u00f0&#8217;. <em>Fr\u00f8\u00f0i<\/em> 2\/2017, 4-9.<\/p>\n\n\n\n<p>Belasus, Mike. &#8216;Connecting maritime landscapes. Or early modern news from two former \u2018Baltic Cogs\u2019 (Mecklenburg-West Pomerania, Germany)&#8217;. in: Gawronski, Jerzy, van Holk, Andr\u00e9 &amp; Schokkenbroek, Joost (eds.). <em>Proceedings of the Thirteenth International Symposium on Boat and Ship Archaeology, Amsterdam 2012<\/em>, 179-184. Eelde, 2017.<\/p>\n\n\n\n<p>Grassel, Philipp. \u2018Die sp\u00e4thansezeitliche Schifffahrt im Nordatlantik vom 15. Jahrhundert bis zum 17. Jahrhundert. Das maritim-arch\u00e4ologische Potenzial hansischer Handelspl\u00e4tze auf den Shetland Inseln, den F\u00e4r\u00f6er Inseln und Island anhand arch\u00e4ologischer und historischer Quellen\u2019. PhD thesis, Christian-Albrechts-Universit\u00e4t Kiel, 2017. <a href=\"https:\/\/macau.uni-kiel.de\/receive\/diss_mods_00023153\">Download (MACAU, Christian-Albrechts-Universit\u00e4t Kiel)<\/a><\/p>\n\n\n\n<p><strong>2016<\/strong><\/p>\n\n\n\n<p>Mehler, Natascha, Belasus, Mike, Holterman, Bart &amp; K\u00fcchelmann, Hans Christian. &#8216;Die Expansion der Hanse in den Nordatlantik im Fokus von Arch\u00e4ologie und Geschichte&#8217;. <em>Blickpunkt Arch\u00e4ologie<\/em> 2\/2016, 150-157. <a href=\"https:\/\/www.knochenarbeit.de\/wp\/wp-content\/uploads\/Mehler_etal_2016_Expansion_Hanse.pdf\">https:\/\/www.knochenarbeit.de\/wp\/wp-content\/uploads\/Mehler_etal_2016_Expansion_Hanse.pdf<\/a><\/p>\n\n\n\n<h4 class=\"wp-block-heading\">2015<\/h4>\n\n\n\n<p>K\u00fcchelmann, Hans Christian. &#8216;Matjeshering or fish soup? Animal remains from a Hanseatic merchants\u2019 site in Bremen&#8217;. in: K\u00f6r\u00f6si, Andrea &amp; Szotyori-Nagy, \u00c1gnes (eds.). <em>Hungarian Grey, Racka, Mangalitsa. Papers presented at the international conference honouring J\u00e1nos Matolcsi, 25\u201326 November 2013, <\/em>263-270. Budapest, 2015. <a href=\"https:\/\/www.knochenarbeit.de\/wp\/wp-content\/uploads\/Kuechelmann_2015_HB-Schlachte.pdf\">https:\/\/www.knochenarbeit.de\/wp\/wp-content\/uploads\/Kuechelmann_2015_HB-Schlachte.pdf<\/a><\/p>\n\n\n\n<p>Mehler, Natascha. \u2018The Sulphur Trade of Iceland from the Viking Age to the End of the Hanseatic Period\u2019. In <em>Nordic Middle Ages &#8211; Artefacts, Landscapes and Society. Essays in Honor of Ingvild \u00d8ye on Her 70th Birthday<\/em>, 193\u2013212. University of Bergen Archaeological Series 8. Bergen, 2015.<\/p>\n\n\n\n<p>Mehler, Natascha. &#8216;Marine trade and transport-related crafts\u00a0and their actors \u2013 people without archaeology?&#8217;. in: Hansen, Gitte,\u00a0Ashby, Steven P. &amp; Baug, Irene (eds.): <em>Everyday\u00a0Products in the Middle\u00a0Ages: Crafts, Consumption and the Individual in Northern Europe c. AD\u00a0800\u20131600<\/em>, 360-374. Oxford, 2015.<\/p>\n\n\n\n<p>Mehler, Natascha, Belasus, Mike, Holterman, Bart, K\u00fcchelmann, Hans Christian. &#8216;Zwischen Nordsee und Nordmeer &#8211; Interdisziplin\u00e4re Studien zur Hanse&#8217;. <em>Deutsche Schiffahrt<\/em> 2\/2015, 24-28. <a href=\"https:\/\/www.knochenarbeit.de\/wp\/wp-content\/uploads\/Mehler_etal_2015_HaNoNo_DS.pdf\">https:\/\/www.knochenarbeit.de\/wp\/wp-content\/uploads\/Mehler_etal_2015_HaNoNo_DS.pdf<\/a><\/p>\n","protected":false},"excerpt":{"rendered":"<p>The following data, websites, books and articles have been published by the teams of the Between the North Sea and the Norwegian Sea and LIFTE. 2022 Holterman, Bart. &#8216;Kredit im deutschen Handel mit den Shetlandinseln im Sp\u00e4tmittelalter und in der Fr\u00fchen Neuzeit&#8217;. Das Mittelalter 27:2 (2022), 347-369. https:\/\/doi.org\/10.17885\/heiup.mial.2022.2.24662 Holterman, Bart. &#8216;Norddeutsche Kaufleute in Island im [&hellip;]<\/p>\n","protected":false},"author":2,"featured_media":0,"parent":0,"menu_order":0,"comment_status":"closed","ping_status":"closed","template":"","meta":{"footnotes":""},"class_list":["post-821","page","type-page","status-publish","hentry"],"_links":{"self":[{"href":"https:\/\/fishandships.dsm.museum\/index.php?rest_route=\/wp\/v2\/pages\/821","targetHints":{"allow":["GET"]}}],"collection":[{"href":"https:\/\/fishandships.dsm.museum\/index.php?rest_route=\/wp\/v2\/pages"}],"about":[{"href":"https:\/\/fishandships.dsm.museum\/index.php?rest_route=\/wp\/v2\/types\/page"}],"author":[{"embeddable":true,"href":"https:\/\/fishandships.dsm.museum\/index.php?rest_route=\/wp\/v2\/users\/2"}],"replies":[{"embeddable":true,"href":"https:\/\/fishandships.dsm.museum\/index.php?rest_route=%2Fwp%2Fv2%2Fcomments&post=821"}],"version-history":[{"count":5,"href":"https:\/\/fishandships.dsm.museum\/index.php?rest_route=\/wp\/v2\/pages\/821\/revisions"}],"predecessor-version":[{"id":904,"href":"https:\/\/fishandships.dsm.museum\/index.php?rest_route=\/wp\/v2\/pages\/821\/revisions\/904"}],"wp:attachment":[{"href":"https:\/\/fishandships.dsm.museum\/index.php?rest_route=%2Fwp%2Fv2%2Fmedia&parent=821"}],"curies":[{"name":"wp","href":"https:\/\/api.w.org\/{rel}","templated":true}]}}